{"id":2028,"date":"2010-09-08T17:04:50","date_gmt":"2010-09-08T15:04:50","guid":{"rendered":"http:\/\/www.petermartinc.org\/cours-de-francais\/"},"modified":"2026-05-04T17:07:31","modified_gmt":"2026-05-04T15:07:31","slug":"cours-de-francais","status":"publish","type":"page","link":"https:\/\/www.petermartinc.org\/fr\/cours-de-francais\/","title":{"rendered":"Cours de fran\u00e7ais"},"content":{"rendered":"\r\n<p>&nbsp;<\/p>\r\n<h2>**************************<\/h2>\r\n<h2><span style=\"color: #000080;\">Atelier pour enfants &#8211; LE PRINTEMPS !<\/span><\/h2>\r\n<p style=\"text-align: center;\"><span style=\"color: #000080;\">L&rsquo;atelier cr\u00e9atif de mars pour enfants se d\u00e9roulera <\/span><br \/><span style=\"color: #000080;\"><strong>samedi 28 mars 2026 \u00e0 partir de 10 heures <br \/><\/strong><strong>dans notre espace fran\u00e7ais, rue \u010cevljarska 22, Koper.<\/strong><\/span><\/p>\r\n<p><span style=\"color: #000080;\"><strong>Confirmations <u>avant mercredi 25 mars 2026<\/u> \u00e0 l&rsquo;adresse info@petermatinc.org,<\/strong> en indiquant le nom, l&rsquo;\u00e2ge et \u00e9ventuellement la comp\u00e9tence en fran\u00e7ais de l&rsquo;enfant.\u00a0Participation : 8 \u20ac.<\/span><\/p>\r\n<p><a href=\"https:\/\/www.petermartinc.org\/wp-content\/uploads\/2026\/03\/Delavnica-28.-marec-2026_invitation.doc\">Delavnica 28. marec 2026_invitation<\/a><\/p>\r\n<p><span style=\"color: #000080;\"><strong>Veuillez nous informer si votre enfant ne pourra pas participer \u00e0 l&rsquo;atelier.<\/strong><\/span><\/p>\r\n<p>*******************************<\/p>\r\n<h2><span style=\"color: #000080;\">Cours de fran\u00e7ais 2025\/2026\u00a0<\/span><\/h2>\r\n<p><u>Cours d\u00e9butant (A1\/1)<\/u> :<strong> \u00a0\u00a0\u00a0\u00a0\u00a0\u00a0\u00a0 \u00a0\u00a0\u00a0\u00a0\u00a0\u00a0\u00a0\u00a0\u00a0\u00a0\u00a0 <\/strong>jeudi <strong>\u00a0<\/strong>17h00\u201318h30, ZRS<\/p>\r\n<p><u>Cours avanc\u00e9 1 (A1\/2)<\/u> : \u00a0\u00a0\u00a0\u00a0\u00a0\u00a0\u00a0 \u00a0\u00a0\u00a0\u00a0\u00a0\u00a0\u00a0\u00a0\u00a0\u00a0\u00a0 mardi 17h00\u201318h30, ZRS<\/p>\r\n<p><u>Cours avanc\u00e9 2 (A2\/1):<\/u> \u00a0\u00a0\u00a0\u00a0\u00a0\u00a0\u00a0\u00a0\u00a0\u00a0 \u00a0\u00a0\u00a0\u00a0\u00a0\u00a0\u00a0\u00a0\u00a0 lundi 17h00\u201318h30, ZRS<\/p>\r\n<p><u>Cours avanc\u00e9 3 (B1\/1) <\/u>:\u00a0\u00a0\u00a0\u00a0\u00a0\u00a0\u00a0\u00a0\u00a0\u00a0\u00a0\u00a0\u00a0 \u00a0\u00a0\u00a0\u00a0\u00a0\u00a0 \u00a0jeudi\u00a0 17h00\u201318h30, espace fran\u00e7ais<\/p>\r\n<p><u>Cours de conversation<\/u> : \u00a0\u00a0\u00a0\u00a0\u00a0\u00a0\u00a0 \u00a0\u00a0\u00a0\u00a0\u00a0\u00a0\u00a0\u00a0\u00a0\u00a0\u00a0 lundi \u00e0 17h00\u201318h30, espace fran\u00e7ais<\/p>\r\n<p>Les cours d\u00e9butant, avanc\u00e9 1 et avanc\u00e9 2 se teindront dans les locaux du ZRS (Centre des recherches), Garibaldijeva 1, Koper, les cours avanc\u00e9 3 et de conversation sera dispens\u00e9 dans notre espace fran\u00e7ais (EF), rue \u010cevljarska 22, Koper. Bon courage!<\/p>\r\n<p>*****************************************<\/p>\r\n<p>La s\u00e9ance d&rsquo;initiation, o\u00f9 vous serez inform\u00e9 de tous les \u00e9l\u00e9ments relatifs aux cours de fran\u00e7ais pour cette ann\u00e9e, se d\u00e9roulera <strong>le lundi 29 septembre 2025 \u00e0 18 h<\/strong> dans notre espace fran\u00e7ais (salle de lecture Fulvio Tomizza, \u010cevljarska 22, Koper).<\/p>\r\n<p>**************************************<\/p>\r\n<h1><strong>COURS DE FRAN\u00c7AIS \u2013 SESSION <\/strong><strong>2025\/2026<\/strong><\/h1>\r\n<p>Nous invitons les membres, leurs proches et tous les autres qui aiment la langue fran\u00e7aise, \u00e0 se joindre \u00e0 nous et s&rsquo;inscrire \u00e0 nos cours\u00a0:<\/p>\r\n<p><strong>POUR ENFANTS<\/strong><\/p>\r\n<ol>\r\n<li><strong>Ateliers pour \u00e9l\u00e8ves d&rsquo;\u00e9cole primaire<\/strong> \u2013 cours d\u2019initiation au fran\u00e7ais et de r\u00e9vision pour \u00e9l\u00e8ves qui ont fr\u00e9quent\u00e9 l&rsquo;\u00e9cole d&rsquo;\u00e9t\u00e9. Une fois par mois, deux le\u00e7ons. 8 \u20ac par atelier<\/li>\r\n<li><strong>Cours pour \u00e9l\u00e8ves d&rsquo;\u00e9cole primaire<\/strong> &#8211; pour \u00e9l\u00e8ves des \u00e9coles primaires o\u00f9 le fran\u00e7ais n&rsquo;est pas enseign\u00e9. Une fois par semaine, m\u00eame les samedi matin, deux le\u00e7ons. Deux modules de 20 le\u00e7ons. 100 \u20ac &#8211; en fonction des inscriptions (min. 5).<\/li>\r\n<\/ol>\r\n<p><strong>POUR <\/strong><strong>\u00c9L\u00c8VES D&rsquo;\u00c9COLE SECONDAIRE<\/strong><\/p>\r\n<ol>\r\n<li><strong>Cours d\u00e9butant et<\/strong> <strong>interm\u00e9diaire<\/strong> pour \u00e9l\u00e8ves de Gimnazija Koper \u2013 mati\u00e8re optionnelle (A1\/1, A1\/2). 40 le\u00e7ons<strong>. <\/strong><\/li>\r\n<\/ol>\r\n<p><strong>POUR ADULTES<\/strong> (L&rsquo;Association se r\u00e9serve le droit de modifier ses tarifs en raison d&rsquo;un nombre insuffisant d&rsquo;inscriptions.)<\/p>\r\n<ol>\r\n<li><strong>Cours d\u00e9butant (A1\/1) <\/strong>pour adultes, \u00e9l\u00e8ves d&rsquo;\u00e9cole secondaire et \u00e9tudiants. Deux modules de 25 le\u00e7ons. 220 \u20ac (\u00c9tudiants 180 \u20ac)<\/li>\r\n<li><strong>Cours <\/strong><strong>avanc\u00e9 1 (A1\/2, A2)<\/strong> pour adultes, \u00e9l\u00e8ves d&rsquo;\u00e9cole secondaire et \u00e9tudiants. Deux modules de 25 le\u00e7ons. 220 \u20ac (\u00c9tudiants 180 \u20ac)<\/li>\r\n<li><strong>Cours avanc\u00e9 2 <\/strong><strong>(B1\/B2) <\/strong>pour adultes, \u00e9l\u00e8ves d&rsquo;\u00e9cole secondaire et \u00e9tudiants. Deux modules de 25 le\u00e7ons. 220 \u20ac (\u00c9tudiants 180 \u20ac)<\/li>\r\n<li><strong>Cours de conversation<\/strong> pour adultes, 30 le\u00e7ons. 120 \u20ac.<\/li>\r\n<li><strong>Cours individuels<\/strong> (sur rendez-vous).<\/li>\r\n<li><strong>Cours de pr\u00e9paration pour DELF et DALF<\/strong><\/li>\r\n<\/ol>\r\n<p>Pour vous inscrire, envoyez le formulaire d&rsquo;inscription \u00e0 <strong>info@petermartinc.org, <\/strong>o\u00f9 vous pouvez aussi nous poser vos questions.<\/p>\r\n<p><span style=\"color: #ff0000;\">FORMULAIRE D&rsquo;INSCRIPTION\u00a0 <a href=\"https:\/\/www.petermartinc.org\/wp-content\/uploads\/2025\/09\/cours-2025-26_formulaire-dinscription_FR.doc\">cours 2025-26_formulaire d&rsquo;inscription_FR<\/a><\/span><\/p>\r\n<p>Nous attendons vos inscriptions <strong><u>avant le 25 septembre 2025<\/u><\/strong><u>\u00a0! <\/u>Les cours commenceront le <strong>29 septembre 2025<\/strong> et seront dispens\u00e9s en groupes de huit personnes minimum, en principe en pr\u00e9sentiel.<\/p>\r\n<p>Les tarifs sont valables pour les membres. Les non-membres seront invit\u00e9s \u00e0 s\u2019inscrire \u00e0 notre association. Montant de la cotisation\u00a0: membre actif 20 \u20ac, r\u00e9duction pour les enfants et \u00e9tudiants 10\u20ac. L\u2019adh\u00e9sion est valable pendant les 12 mois qui suivent le paiement.<\/p>\r\n<p>***********************************<\/p>\r\n<h2>\u00a0<\/h2>\r\n<h2>L\u2019Association culturelle Peter Martinc propose des cours d&rsquo;\u00e9t\u00e9 de fran\u00e7ais pour \u00e9coliers ,\u00a0 30 juin \u2013 4 juillet 2025, Ecole primaire Vojka \u0160muc, Izola.<\/h2>\r\n<p>Pour les \u00e9coliers nous proposons une semaine agr\u00e9able pour apprendre le fran\u00e7ais et conna\u00eetre la culture et la civilisation fran\u00e7aise, et approfondir leurs connaissances. Dans un environnement agr\u00e9able et prot\u00e9g\u00e9 les jeunes passeront une semaine en contact avec la langue fran\u00e7aise. Toutes les activit\u00e9s seront en fran\u00e7ais, avec l\u2019appui du slov\u00e8ne, o\u00f9 cela serait n\u00e9cessaire. Apr\u00e8s une semaine (30 UE, dont 20 UE\u00a0de cours de langue) d\u2019activit\u00e9s linguistiques, sportives, th\u00e9\u00e2trales et artistiques les enfants seront capables de communiquer au niveau A1\/1. Apprendre le fran\u00e7ais, c&rsquo;est cool\u00a0!<\/p>\r\n<p>Pour plus d&rsquo;informations, veuillez nous contacter \u00e0 l&rsquo;adresse info@petermartinc.org ou par t\u00e9l\u00e9phone : 041 897 755 (Breda Zu\u017ei\u010d \u017derjal).<span style=\"color: #008000;\"> <strong><span style=\"color: #008000;\">Nous recueillerons les inscriptions jusqu&rsquo;au 26 juin 2025<\/span>.<\/strong><\/span><\/p>\r\n<p>Formulaire d&rsquo;inscription <a href=\"https:\/\/www.petermartinc.org\/wp-content\/uploads\/2025\/06\/2025-poletna-sola-prijavnica.doc\">2025 poletna \u0161ola prijavnica<\/a><\/p>\r\n<p><a href=\"https:\/\/www.petermartinc.org\/wp-content\/uploads\/2025\/06\/2025-Objectifs-de-lecole-dete.doc\">2025 Objectifs de l&rsquo;\u00e9cole d&rsquo;\u00e9t\u00e9<\/a><\/p>\r\n<p>UE \u2013 unit\u00e9s d\u2019enseignement<\/p>\r\n<p>*******************************************************<\/p>\r\n<h2><span style=\"color: #ff0000;\">VOICI LA LISTE DES ATELIERS PROPOS\u00c9ES POUR LA SAISON 2025 :<\/span><\/h2>\r\n<p>JANVIER &#8211; 25\/01\/2025 &#8211; <a href=\"https:\/\/photos.google.com\/share\/AF1QipM-1ddzcAT304wkxF2m2wfa66puJ3OGwLWJjhQBsY5GzIXq-9x_5o05KAoYVFJcog?key=NkQzcnUtOEJMUjZ4S2VVZmJ5SmpnUXhCeVFfOHdn\">la Galette des Rois<\/a><\/p>\r\n<p>F\u00c9VRIER &#8211; 22.2.2025 Joyeux Carnaval<\/p>\r\n<p>MARS &#8211; 29.3.2025 Le Printemps<\/p>\r\n<p>AVRIL &#8211; 12.04.2025 &#8211; <a href=\"https:\/\/photos.google.com\/share\/AF1QipNCifLx4MvLgJxz-NAoME1_ATKynzeHxsE7DORYfIO9yhQs2s_AnOfBrIwAVUEvEA?key=TmM1aGRQRnVCSVJLZVA0dVVOQ2xZT3hOeVRLeHZR\">la Tarte Tatin<\/a><\/p>\r\n<p>MAI &#8211; 24.5.2025 &#8211; Mon petit d\u00e9jeuner, mes plats, mes fruits, mes l\u00e9gumes\u00a0<\/p>\r\n<p>JUIN &#8211; 14\/06\/2025 &#8211; Vacances, voyages &#8211; train, avion, bateau&#8230;<\/p>\r\n<p>SEPTEMBRE &#8211; 27 Sep 2025- L&rsquo;\u00e9cole, le cartable, les cahiers, les crayons&#8230;..<\/p>\r\n<p><span style=\"color: #008000;\">OCTOBRE &#8211; 11\/10\/2025- Couleurs d&rsquo;automne, m\u00e9t\u00e9o<\/span><\/p>\r\n<p><span style=\"color: #008000;\">NOVEMBRE &#8211; 22\/11\/2025- Professions : professeur, m\u00e9decin, pianiste, architecte&#8230;<\/span><\/p>\r\n<p><span style=\"color: #008000;\">D\u00c9CEMBRE &#8211; 13\/12\/2025 &#8211; Cadeaux du Nouvel An, cartes&#8230;<\/span><\/p>\r\n<p>Vous pouvez vous inscrire \u00e0 l&rsquo;atelier en envoyant un message \u00e0 <span style=\"color: #000080;\">info@petermartinc.org.<\/span> Veuillez indiquer le nom, l&rsquo;\u00e2ge et \u00e9ventuellement la comp\u00e9tence en fran\u00e7ais de l&rsquo;enfant. Les enfants ont besoin de leur trousse avec crayons, crayons feutre, ciseaux et colle, nous nous occupons du reste.<\/p>\r\n<p>Le prix de l&rsquo;atelier est de 8 euros. N&rsquo;h\u00e9sitez pas \u00e0 nous contacter pour plus d&rsquo;informations.<\/p>\r\n<p>****************************************************<\/p>\r\n<p>&nbsp;<\/p>\r\n<h1><strong>Cours de fran\u00e7ais &#8211; <\/strong>\u00a0<strong>r\u00e9union d&rsquo;information<\/strong><\/h1>\r\n<p><a href=\"https:\/\/www.petermartinc.org\/wp-content\/uploads\/2024\/10\/Cevljarska-22.jpg\"><img loading=\"lazy\" decoding=\"async\" class=\"alignleft size-thumbnail wp-image-7942\" src=\"https:\/\/www.petermartinc.org\/wp-content\/uploads\/2024\/10\/Cevljarska-22-150x150.jpg\" alt=\"\" width=\"150\" height=\"150\" \/><\/a>Avant le commencement de nos cours, nous\u00a0 invitoterons les candidats \u00e0 une r\u00e9union d&rsquo;information (par email).<\/p>\r\n<p>&nbsp;<\/p>\r\n<h1><a href=\"https:\/\/www.petermartinc.org\/wp-content\/uploads\/2024\/10\/Cevljarska-22-zemljevid.png\"><img loading=\"lazy\" decoding=\"async\" class=\"aligncenter size-large wp-image-7945\" src=\"https:\/\/www.petermartinc.org\/wp-content\/uploads\/2024\/10\/Cevljarska-22-zemljevid-1024x449.png\" alt=\"\" width=\"640\" height=\"281\" srcset=\"https:\/\/www.petermartinc.org\/wp-content\/uploads\/2024\/10\/Cevljarska-22-zemljevid-1024x449.png 1024w, https:\/\/www.petermartinc.org\/wp-content\/uploads\/2024\/10\/Cevljarska-22-zemljevid-300x131.png 300w, https:\/\/www.petermartinc.org\/wp-content\/uploads\/2024\/10\/Cevljarska-22-zemljevid-768x337.png 768w, https:\/\/www.petermartinc.org\/wp-content\/uploads\/2024\/10\/Cevljarska-22-zemljevid.png 1232w\" sizes=\"auto, (max-width: 640px) 100vw, 640px\" \/><\/a><\/h1>\r\n<p>************************************<\/p>\r\n<h1><span style=\"color: #ff0000;\"><strong>Cours de fran\u00e7ais pour l&rsquo;ann\u00e9e scolaire 2024\/2025, destin\u00e9s aux enfants, aux lyc\u00e9ens et aux adultes.<\/strong><\/span><\/h1>\r\n<p>Nous invitons les membres, leurs proches et tous les autres qui aiment la langue fran\u00e7aise, \u00e0 se joindre \u00e0 nous et s&rsquo;inscrire \u00e0 nos cours\u00a0:<\/p>\r\n<p><strong>POUR ENFANTS<\/strong><\/p>\r\n<ol>\r\n<li><strong>Ateliers pour \u00e9l\u00e8ves d&rsquo;\u00e9cole primaire<\/strong> \u2013 cours d\u2019initiation au fran\u00e7ais et de r\u00e9vision pour \u00e9l\u00e8ves qui ont fr\u00e9quent\u00e9 l&rsquo;\u00e9cole d&rsquo;\u00e9t\u00e9. Une fois par mois, deux le\u00e7ons. 8 \u20ac par atelier<\/li>\r\n<li><strong>Cours pour \u00e9l\u00e8ves d&rsquo;\u00e9cole primaire<\/strong> &#8211; pour \u00e9l\u00e8ves des \u00e9coles primaires o\u00f9 le fran\u00e7ais n&rsquo;est pas enseign\u00e9. Une fois par semaine, deux le\u00e7ons. Deux modules de 20 le\u00e7ons. 100 \u20ac &#8211; en fonction des inscriptions (min. 5).<\/li>\r\n<\/ol>\r\n<p><strong>POUR <\/strong><strong>\u00c9L\u00c8VES D&rsquo;\u00c9COLE SECONDAIRE<\/strong><\/p>\r\n<ol>\r\n<li><strong>Cours d\u00e9butant et<\/strong> <strong>interm\u00e9diaire<\/strong> pour \u00e9l\u00e8ves de Gimnazija Koper \u2013 mati\u00e8re optionnelle (A1\/1, A1\/2). 40 le\u00e7ons<strong>. <\/strong><\/li>\r\n<\/ol>\r\n<p><strong>POUR ADULTES<\/strong> (L&rsquo;Association se r\u00e9serve le droit de modifier ses tarifs en raison d&rsquo;un nombre insuffisant d&rsquo;inscriptions.)<\/p>\r\n<ol>\r\n<li><strong>Cours d\u00e9butant (A1\/1), <\/strong><strong>interm\u00e9diaire (A1\/2)<\/strong><strong> et avanc\u00e9 <\/strong><strong>(A2) <\/strong>pour adultes, \u00e9l\u00e8ves d&rsquo;\u00e9cole secondaire et \u00e9tudiants. Deux modules de 25 le\u00e7ons. 180 \u20ac (\u00c9tudiants 155 \u20ac)<\/li>\r\n<li><strong>Cours de remise \u00e0 niveau<\/strong> pour ceux qui ont d\u00e9j\u00e0 appris le fran\u00e7ais, 20 le\u00e7ons. 85 \u20ac.<\/li>\r\n<li><strong>Cours de conversation<\/strong> pour adultes, 40 le\u00e7ons. 140 \u20ac.<\/li>\r\n<li><strong>Cours individuels<\/strong> (sur rendez-vous).<\/li>\r\n<li><strong>Cours de pr\u00e9paration pour DELF et DALF<\/strong><\/li>\r\n<\/ol>\r\n<p>Pour vous inscrire, envoyez le formulaire d&rsquo;inscription \u00e0 <strong>info@petermartinc.org, <\/strong>o\u00f9 vous pouvez aussi nous poser vos questions. Nous attendons vos inscriptions <strong><u>avant le 25 septembre 2024<\/u><\/strong><u>\u00a0! <\/u>Les cours commenceront le <strong>30 septembre 2024<\/strong> et seront dispens\u00e9s en groupes de huit personnes minimum, en principe en pr\u00e9sentiel.<\/p>\r\n<p>Les tarifs sont valables pour les membres. Les non-membres seront invit\u00e9s \u00e0 s\u2019inscrire \u00e0 notre association. Montant de la cotisation\u00a0: membre actif 20 \u20ac, r\u00e9duction pour les \u00e9tudiants 10\u20ac. L\u2019adh\u00e9sion est valable pendant les 12 mois qui suivent le paiement.<\/p>\r\n<p>Verifiez votre niveau de fran\u00e7ais\u00a0 avec <a href=\"https:\/\/apprendre.tv5monde.com\/fr\">TV5MONDE<\/a><\/p>\r\n<p><strong>Inscriptions jusqu&rsquo;au 25 septembre 2024. Les cours commencent le 30 septembre 2024<\/strong>. Nous organiserons les cours pour lesquels nous aurons suffisamment de candidats (au moins 8). Les cours seront dispens\u00e9s en pr\u00e9sentiel, mais si n\u00e9cessaire et en cas d&rsquo;int\u00e9r\u00eat, \u00e9galement via Zoom.<\/p>\r\n<p>Ces cours sont destin\u00e9s aux membres de l&rsquo;Association culturelle Peter Martinc. Les personnes int\u00e9ress\u00e9es peuvent s&rsquo;inscrire au d\u00e9but du cours. Montant de la cotisation\u00a0: membre actif 20 \u20ac, r\u00e9duction pour les \u00e9tudiants 10\u20ac. L\u2019adh\u00e9sion est valable 12 mois.<\/p>\r\n<p>Formulaire d&rsquo;inscription <a href=\"https:\/\/www.petermartinc.org\/wp-content\/uploads\/2024\/08\/Prijavnica-za-tecaje-2024-25_-SLO_FR.doc\">Prijavnica za te\u010daje 2024-25_ SLO_FR<\/a><\/p>\r\n<h1>*******************************<\/h1>\r\n<h1>Le cours d&rsquo;\u00e9t\u00e9 2024 commence\u00a0!<\/h1>\r\n<p>Le cours se tiendra \u00e0 l\u2019\u00e9cole primaire Vojka \u0160muc, Pre\u0161ernova cesta 4, Izola (entr\u00e9e de c\u00f4t\u00e9 de Pre\u0161ernova cesta). <strong>Lundi, 1er juillet 2024, les enfants seront accueillis pas les enseignants devant l\u2019entr\u00e9e principale entre 8h30 et 9h00. <\/strong>Les activit\u00e9s commenceront \u00e0 9 heures. Le d\u00e9jeuner sera servi dans la cantine de l\u2019\u00e9cole. Les enfants doivent porter avec eux leur trousse pour crayons, une paire de ciseaux, des crayons feutre. A lundi\u00a0!<\/p>\r\n<h1>Il corso estivo di lingua francese comincia.<\/h1>\r\n<p><strong>Il corso si terr\u00e0 dal 1 al 5 luglio 2024 presso la scuola elementare Vojke \u0160muc di Isola, Strada Pre\u0161eren 4.<\/strong> Gli alunni saranno accolti dalle maestre davanti alla scuola dalle 8.30 alle 8.50. La scuola comincia alle 9. Il pranzo sar\u00e0 servito nella cantina della scuola. Gli alunni devono portare con s\u00e9 l&rsquo;astuccio con matite, un paio di forbici, penne a punta in feltro colorate. Ci vediamo luned\u00ec.<\/p>\r\n<h1><span style=\"color: #ff0000;\"><strong>APPRENDRE LE FRAN\u00c7AIS EN \u00c9T\u00c9, de 1 \u00e0 5 juillet 2024<\/strong><\/span><\/h1>\r\n<p><span style=\"color: #ff0000;\"><strong>L\u2019Association culturelle Peter Martinc propose un cours d\u2019\u00e9t\u00e9 de fran\u00e7ais pour \u00e9coliers,\u00a0 1 \u2013 5 juillet 2024, Ecole primaire Vojka \u0160muc, Izola.<\/strong><\/span><\/p>\r\n<p>Pour <strong>les enfants de 9 \u00e0 10 ans et de 12 \u00e0 14 ans <\/strong><strong>nous proposons<\/strong> une semaine agr\u00e9able pour apprendre le fran\u00e7ais et connaitre la culture et la civilisation fran\u00e7aise, et approfondir leurs connaissances. Dans un environnement agr\u00e9able et prot\u00e9g\u00e9 les enfants passeront une semaine en contact avec la langue fran\u00e7aise. Toutes les activit\u00e9s seront en fran\u00e7ais, avec l\u2019appui du slov\u00e8ne, o\u00f9 cela serait n\u00e9cessaire. Apres une semaine (30 UE, dont 20 UE\u00a0de cours de langue) d\u2019activit\u00e9s linguistiques, sportives, th\u00e9\u00e2trales et artistiques les enfants seront capables de communiquer au niveau A1. 1.<\/p>\r\n<p><span style=\"color: #0000ff;\">NOUVEAU: ateliers cr\u00e9atifs de l&rsquo;apr\u00e8s-midi (13h00 &#8211; 14h30)<\/span><\/p>\r\n<p><span style=\"color: #0000ff;\">Pendant notre \u00e9cole d&rsquo;\u00e9t\u00e9 de fran\u00e7ais, qui aura lieu du 1er au 5 juillet 2024 \u00e0 l&rsquo;\u00e9cole primaire Vojke \u0160muc \u00e0 Izola, les enfants peuvent frequenter uniqument les <strong>ateliers cr\u00e9atifs de l&rsquo;apr\u00e8s-midi<\/strong> (13h00 &#8211; 14h30). Le lundi (1er juin) et le vendredi (5 juin) il y aura un <strong>atelier artistique<\/strong>, le mardi (2 juin) et le jeudi (4 juin) il y aura <strong>l&rsquo;atelier musical<\/strong>, et le mercredi (3 juin) un atelier de cuisine. Tout cela, bien s\u00fbr, en fran\u00e7ais.<\/span><\/p>\r\n<p><span style=\"color: #0000ff;\">Vous pouvez vous inscrire (avant 26 juin 2024) \u00e0 chaque atelier individuellement ou \u00e0 tous les ateliers ensemble sur info@petermartinc.org ! Le prix est de 8 euros par atelier. Venez, ce sera amusant !<\/span><\/p>\r\n<p>Le prix peut varier en fonction du format que vous choisissez. Nous vous proposons trois options :<\/p>\r\n<p>&#8211; <em>journ\u00e9e compl\u00e8te <\/em>(matin et <em>apr\u00e8s<\/em>&#8211;<em>midi), <\/em>avec d\u00e9jeuner (9.00\u201315.30) &#8211; 150 \u20ac.<br \/>&#8211; <em>cours<\/em> du <em>matin<\/em>, avec d\u00e9jeuner (9h00\u201313h00) &#8211; 105 \u20ac.<br \/>&#8211; <em>cours<\/em> du <em>matin, <\/em>sans d\u00e9jeuner (9.00\u201312.00) &#8211; 95 \u20ac.<\/p>\r\n<p>Pour plus d&rsquo;informations, veuillez nous contacter \u00e0 l&rsquo;adresse info@petermartinc.org ou par t\u00e9l\u00e9phone : 041 897 755-.Breda Zu\u017ei\u010d \u017derjal. <span style=\"color: #ff0000;\"><strong><span style=\"color: #ff0000;\">Nous recueillerons les inscriptions jusqu&rsquo;au 26 juin 2024<\/span>.<\/strong><\/span><\/p>\r\n<p><strong>Koper, 20 mai 2024 \u00a0\u00a0\u00a0\u00a0\u00a0\u00a0\u00a0\u00a0\u00a0\u00a0\u00a0\u00a0\u00a0\u00a0\u00a0\u00a0\u00a0\u00a0\u00a0\u00a0\u00a0\u00a0\u00a0\u00a0\u00a0\u00a0\u00a0\u00a0\u00a0\u00a0\u00a0\u00a0\u00a0\u00a0\u00a0\u00a0\u00a0 Responsable de l&rsquo;ecole : Neva Zajc\u00a0\u00a0\u00a0 <\/strong><\/p>\r\n<p><a href=\"https:\/\/www.petermartinc.org\/wp-content\/uploads\/2024\/05\/2024-OS-vabilo-in-program-in-prijavnica-1-1.doc\">2024 O\u0160 vabilo in program in prijavnica (1)<\/a><\/p>\r\n<p><a href=\"https:\/\/www.petermartinc.org\/wp-content\/uploads\/2024\/05\/2024-Objectifs-de-lecole-dete.doc\">2024 Objectifs de l&rsquo;\u00e9cole d&rsquo;\u00e9t\u00e9<\/a><\/p>\r\n<p><strong>*******<\/strong><\/p>\r\n<p><strong>CORSO ESTIVO DI LINGUA FRANCESE, dal 1 al 5 luglio 2024 presso la scuola elementare Vojke \u0160muc di Isola<\/strong><\/p>\r\n<p>L\u2019Associazione culturale Peter Martinc offre, anche quest\u2019anno, agli alunni della seconda e della terza triade della scuola elementare la possibilit\u00e0 di apprendere, in un ambiente rilassato e ricco di varie attivit\u00e0 guidate, gli elementi\u00a0 base della lingua e della cultura francese o di continuare sulle conoscenze gi\u00e0 acquisite.<\/p>\r\n<p><span style=\"color: #ff0000;\">Il corso<\/span> che avr\u00e0 la durata di una settimana, d<span style=\"color: #ff0000;\">a luned\u00ec 1 a venerd\u00ec 5 luglio 2024,<\/span> si terr\u00e0 presso la scuola elementare Vojke \u0160muc di Isola.<\/p>\r\n<p>L\u2019apprendimento della lingua sar\u00e0 il filo rosso che legher\u00e0 tutte le attivit\u00e0: linguistica, musicale, fisica e culturale. Oltre alle 20 ore di insegnamento linguistico faranno parte del corso anche il gioco, lo sport e le attivit\u00e0 culturali. I partecipanti potranno usufruire anche del pranzo. Il tutto sotto la guida di insegnanti e collaboratori esperti.<\/p>\r\n<p><span style=\"color: #ff0000;\">L\u2019orario delle lezioni<\/span> va dalle 9 alle 15.30. La quota della Scuola estiva comprende l\u2019educazione, l\u2019istruzione e le attivit\u00e0 guidate e varia in relazione alla scelta da 95 a 150 euro. <strong>Iscrizioni entro il 26 gugno 2024.<\/strong><\/p>\r\n<p>Per ulteriori informazioni siamo a Vostra disposizione all\u2019indirizzo e-mail info@petermartinc.org e al numero 041 897 755 (Breda Zu\u017ei\u010d \u017derjal). \u00a0<\/p>\r\n<p>Capodistria, maggio 2024 \u00a0\u00a0\u00a0\u00a0\u00a0\u00a0\u00a0\u00a0\u00a0\u00a0\u00a0\u00a0\u00a0\u00a0\u00a0\u00a0\u00a0\u00a0\u00a0\u00a0\u00a0\u00a0\u00a0\u00a0\u00a0\u00a0\u00a0\u00a0\u00a0\u00a0\u00a0\u00a0\u00a0\u00a0\u00a0\u00a0 Dirige la Scuola: Neva Zajc<\/p>\r\n<p>************************************************<\/p>\r\n<h2><span style=\"color: #ff0000;\">Certifications DELF \/ DALF<span style=\"font-size: 7.5pt; line-height: 150%; font-family: Helvetica;\">\u00a0<\/span><\/span><\/h2>\r\n<p><span style=\"font-size: 7.5pt; line-height: 150%; font-family: Helvetica; color: #606060;\"><i><em><span style=\"font-family: Helvetica;\">Le DELF et le DALF sont les dipl\u00f4mes officiels\u00a0d\u00e9livr\u00e9s par le minist\u00e8re fran\u00e7ais de l&rsquo;\u00c9ducation nationale pour certifier les comp\u00e9tences en fran\u00e7ais des candidats \u00e9trangers et des Fran\u00e7ais originaires d&rsquo;un pays non francophone qui ne sont pas\u00a0titulaires d&rsquo;un dipl\u00f4me de l&rsquo;enseignement secondaire ou sup\u00e9rieur public fran\u00e7ais.<\/span><\/em><\/i><br \/><strong><span style=\"font-family: Helvetica;\">L&rsquo;Institut fran\u00e7ais de Slov\u00e9nie est la seule institution officiellement habilit\u00e9e par France \u00e9ducation internationale \u00e0 faire passer les examens du DELF et du DALF en Slov\u00e9nie. <br \/><\/span><\/strong><\/span><\/p>\r\n<p>DELF<br \/>Le dipl\u00f4me d&rsquo;\u00e9tudes en langue fran\u00e7aise (DELF) pour les adultes, d\u00e9clinaison \u00ab tout public \u00bb, <strong>est un dipl\u00f4me officiel d\u00e9livr\u00e9 par le minist\u00e8re de l&rsquo;\u00e9ducation nationale<\/strong>. Il y a 4 dipl\u00f4mes correspondant aux 4 premiers niveaux du Cadre europ\u00e9en commun de r\u00e9f\u00e9rences pour les langues : DELF A1, DELF A2, DELF B1 et DELF B2.<\/p>\r\n<p>DALF<br \/>Le dipl\u00f4me approfondi de langue fran\u00e7aise <strong>est destin\u00e9 aux adultes et grands adolescents, \u00e9trangers ou Fran\u00e7ais, qui souhaitent valoriser leurs comp\u00e9tences dans la langue fran\u00e7aise \u00e0 des fins personnelles ou professionnelles<\/strong>. Le DALF correspond \u00e0 un niveau d&rsquo;utilisateur exp\u00e9riment\u00e9. DALF C1 et DALF C2<\/p>\r\n<p>&nbsp;<\/p>\r\n<p>&nbsp;<\/p>\r\n<p>&nbsp;<\/p>\r\n<p style=\"text-align: center;\">\u00a0<\/p>","protected":false},"excerpt":{"rendered":"<p>&nbsp; ************************** Atelier pour enfants &#8211; LE PRINTEMPS ! L&rsquo;atelier cr\u00e9atif de mars pour enfants se d\u00e9roulera samedi 28 mars 2026 \u00e0 partir de 10 heures dans notre espace fran\u00e7ais, rue \u010cevljarska 22, Koper. Confirmations avant mercredi 25 mars 2026 &hellip; <a href=\"https:\/\/www.petermartinc.org\/fr\/cours-de-francais\/\">Continuer la lecture <span class=\"meta-nav\">&rarr;<\/span><\/a><\/p>\n","protected":false},"author":2,"featured_media":0,"parent":0,"menu_order":1,"comment_status":"closed","ping_status":"closed","template":"","meta":{"footnotes":""},"class_list":["post-2028","page","type-page","status-publish","hentry"],"_links":{"self":[{"href":"https:\/\/www.petermartinc.org\/fr\/wp-json\/wp\/v2\/pages\/2028","targetHints":{"allow":["GET"]}}],"collection":[{"href":"https:\/\/www.petermartinc.org\/fr\/wp-json\/wp\/v2\/pages"}],"about":[{"href":"https:\/\/www.petermartinc.org\/fr\/wp-json\/wp\/v2\/types\/page"}],"author":[{"embeddable":true,"href":"https:\/\/www.petermartinc.org\/fr\/wp-json\/wp\/v2\/users\/2"}],"replies":[{"embeddable":true,"href":"https:\/\/www.petermartinc.org\/fr\/wp-json\/wp\/v2\/comments?post=2028"}],"version-history":[{"count":182,"href":"https:\/\/www.petermartinc.org\/fr\/wp-json\/wp\/v2\/pages\/2028\/revisions"}],"predecessor-version":[{"id":8872,"href":"https:\/\/www.petermartinc.org\/fr\/wp-json\/wp\/v2\/pages\/2028\/revisions\/8872"}],"wp:attachment":[{"href":"https:\/\/www.petermartinc.org\/fr\/wp-json\/wp\/v2\/media?parent=2028"}],"curies":[{"name":"wp","href":"https:\/\/api.w.org\/{rel}","templated":true}]}}