{"id":2022,"date":"2010-09-08T12:01:40","date_gmt":"2010-09-08T12:01:40","guid":{"rendered":"http:\/\/www.petermartinc.org\/coordonnees\/"},"modified":"2026-04-06T17:41:53","modified_gmt":"2026-04-06T15:41:53","slug":"coordonnees","status":"publish","type":"page","link":"https:\/\/www.petermartinc.org\/fr\/coordonnees\/","title":{"rendered":"Coordonn\u00e9es"},"content":{"rendered":"<p><strong>Kulturno dru\u0161tvo \u00ab\u00a0PETER MARTINC\u00a0\u00bb<\/strong><\/p>\n<p>Garibaldijeva 1, SI-6000 Koper<\/p>\n<p><strong>\u0160ifra dejavnosti <\/strong>(code APE)<strong> :<\/strong> 94.999<\/p>\n<p><strong>Mati\u010dna \u0161tevilka <\/strong>(<span class=\"tag_lemma\">num\u00e9ro d&rsquo;immatriculation<\/span>)<\/p>\n<p><strong>:<\/strong> 1170139<\/p>\n<p><strong>Dav\u010dna \u0161tevilka <\/strong>(<span class=\"tag_lemma\">num\u00e9ro<\/span> fiscal)<strong> :<\/strong> SI58833676<\/p>\n<p>TRR: 10100-0035224575<\/p>\n<p>mel: info@petermartinc.org<\/p>\n<p>site web: www.petermartinc.org<\/p>\n<p>FB kdpetermartinc<\/p>\n<p>IG @drustvopetermartinc<\/p>\n<p>&#8212;&#8212;&#8212;&#8212;&#8212;&#8212;&#8212;&#8212;&#8212;&#8211;<\/p>\n<p><strong>Comit\u00e9 de gestion<\/strong><strong>:<\/strong><\/p>\n<p>Neva Zajc, Pr\u00e9sidente<br \/>\nBreda Zu\u017ei\u010d \u017derjal, Secr\u00e9taire<br \/>\nAlenka Miku\u017e, Responsable comptabilit\u00e9<br \/>\nSnje\u017eana Bianka Nappi, Membre<br \/>\nPatricia Gec, Membre<\/p>\n<p><strong>Comit\u00e9 de surveillance<\/strong><strong>:<\/strong><\/p>\n<p>Branimir Gasparini<br \/>\nVojka Jelen<br \/>\nVanda Zajc<\/p>\n<p><strong>Commission de discipline: <\/strong><\/p>\n<p>Samanta Makovac<br \/>\nBorut \u017derjal<br \/>\nLucija \u010cok<\/p>\n<p><strong>Commission pour l\u2019\u00e9ducation:<\/strong><\/p>\n<p>Ma\u0161a Avsenak<br \/>\nNevenka Primo\u017ei\u010d<br \/>\nSara Pust<\/p>\n<p><strong>Commission pour les manifestations culturelles:<\/strong><\/p>\n<p>Alenka Miku\u017e<br \/>\nVlado Jelen<br \/>\nMojca Klari\u010d<\/p>\n<p>(Membres \u00e9lus et r\u00e9\u00e9lus par l&rsquo;Assembl\u00e9e 1er avril 2026.)<\/p>\n","protected":false},"excerpt":{"rendered":"<p>Kulturno dru\u0161tvo \u00ab\u00a0PETER MARTINC\u00a0\u00bb Garibaldijeva 1, SI-6000 Koper \u0160ifra dejavnosti (code APE) : 94.999 Mati\u010dna \u0161tevilka (num\u00e9ro d&rsquo;immatriculation) : 1170139 Dav\u010dna \u0161tevilka (num\u00e9ro fiscal) : SI58833676 TRR: 10100-0035224575 mel: info@petermartinc.org site web: www.petermartinc.org FB kdpetermartinc IG @drustvopetermartinc &#8212;&#8212;&#8212;&#8212;&#8212;&#8212;&#8212;&#8212;&#8212;&#8211; Comit\u00e9 de &hellip; <a href=\"https:\/\/www.petermartinc.org\/fr\/coordonnees\/\">Continuer la lecture <span class=\"meta-nav\">&rarr;<\/span><\/a><\/p>\n","protected":false},"author":2,"featured_media":0,"parent":0,"menu_order":0,"comment_status":"closed","ping_status":"closed","template":"","meta":{"footnotes":""},"class_list":["post-2022","page","type-page","status-publish","hentry"],"_links":{"self":[{"href":"https:\/\/www.petermartinc.org\/fr\/wp-json\/wp\/v2\/pages\/2022","targetHints":{"allow":["GET"]}}],"collection":[{"href":"https:\/\/www.petermartinc.org\/fr\/wp-json\/wp\/v2\/pages"}],"about":[{"href":"https:\/\/www.petermartinc.org\/fr\/wp-json\/wp\/v2\/types\/page"}],"author":[{"embeddable":true,"href":"https:\/\/www.petermartinc.org\/fr\/wp-json\/wp\/v2\/users\/2"}],"replies":[{"embeddable":true,"href":"https:\/\/www.petermartinc.org\/fr\/wp-json\/wp\/v2\/comments?post=2022"}],"version-history":[{"count":10,"href":"https:\/\/www.petermartinc.org\/fr\/wp-json\/wp\/v2\/pages\/2022\/revisions"}],"predecessor-version":[{"id":2980,"href":"https:\/\/www.petermartinc.org\/fr\/wp-json\/wp\/v2\/pages\/2022\/revisions\/2980"}],"wp:attachment":[{"href":"https:\/\/www.petermartinc.org\/fr\/wp-json\/wp\/v2\/media?parent=2022"}],"curies":[{"name":"wp","href":"https:\/\/api.w.org\/{rel}","templated":true}]}}